{"id":308,"date":"2025-09-18T17:43:38","date_gmt":"2025-09-18T17:43:38","guid":{"rendered":"https:\/\/kress.appslienzo5.com\/?page_id=308"},"modified":"2025-10-03T21:47:42","modified_gmt":"2025-10-03T21:47:42","slug":"productos-kressburgo","status":"publish","type":"page","link":"https:\/\/grupokress.com\/de\/productos-kressburgo\/","title":{"rendered":"Kressburgo"},"content":{"rendered":"<div data-elementor-type=\"wp-page\" data-elementor-id=\"308\" class=\"elementor elementor-308\" data-elementor-post-type=\"page\">\n\t\t\t\t\t\t<section class=\"elementor-section elementor-top-section elementor-element elementor-element-6ce658a elementor-section-boxed elementor-section-height-default elementor-section-height-default\" data-id=\"6ce658a\" data-element_type=\"section\" data-settings=\"{&quot;background_background&quot;:&quot;classic&quot;,&quot;jet_parallax_layout_list&quot;:[]}\">\n\t\t\t\t\t\t\t<div class=\"elementor-background-overlay\"><\/div>\n\t\t\t\t\t\t\t<div class=\"elementor-container elementor-column-gap-default\">\n\t\t\t\t\t<div class=\"elementor-column elementor-col-100 elementor-top-column elementor-element elementor-element-942e287\" data-id=\"942e287\" data-element_type=\"column\" data-settings=\"{&quot;background_background&quot;:&quot;classic&quot;}\">\n\t\t\t<div class=\"elementor-widget-wrap elementor-element-populated\">\n\t\t\t\t\t\t<section class=\"elementor-section elementor-inner-section elementor-element elementor-element-8d96cef elementor-section-boxed elementor-section-height-default elementor-section-height-default\" data-id=\"8d96cef\" data-element_type=\"section\" data-settings=\"{&quot;jet_parallax_layout_list&quot;:[]}\">\n\t\t\t\t\t\t<div class=\"elementor-container elementor-column-gap-default\">\n\t\t\t\t\t<div class=\"elementor-column elementor-col-100 elementor-inner-column elementor-element elementor-element-723da1f\" data-id=\"723da1f\" data-element_type=\"column\">\n\t\t\t<div class=\"elementor-widget-wrap elementor-element-populated\">\n\t\t\t\t\t\t<div class=\"elementor-element elementor-element-64e8f7d elementor-widget elementor-widget-image\" data-id=\"64e8f7d\" data-element_type=\"widget\" data-widget_type=\"image.default\">\n\t\t\t\t\t\t\t\t\t\t\t\t\t\t\t<img fetchpriority=\"high\" decoding=\"async\" width=\"800\" height=\"447\" src=\"https:\/\/grupokress.com\/wp-content\/uploads\/2025\/10\/Logo-Kressburgo.png\" class=\"attachment-large size-large wp-image-921\" alt=\"\" srcset=\"https:\/\/grupokress.com\/wp-content\/uploads\/2025\/10\/Logo-Kressburgo.png 825w, https:\/\/grupokress.com\/wp-content\/uploads\/2025\/10\/Logo-Kressburgo-300x168.png 300w, https:\/\/grupokress.com\/wp-content\/uploads\/2025\/10\/Logo-Kressburgo-768x429.png 768w\" sizes=\"(max-width: 800px) 100vw, 800px\" \/>\t\t\t\t\t\t\t\t\t\t\t\t\t\t\t<\/div>\n\t\t\t\t<div class=\"elementor-element elementor-element-8fddb31 elementor-invisible elementor-widget elementor-widget-text-editor\" data-id=\"8fddb31\" data-element_type=\"widget\" data-settings=\"{&quot;_animation&quot;:&quot;fadeInDown&quot;,&quot;_animation_delay&quot;:900}\" data-widget_type=\"text-editor.default\">\n\t\t\t\t\t\t\t\t\t<p class=\"p1\">Die Immobilien-Kressburgo S. R. L. wurde geboren mit dem Ziel, die Entwicklung der Wohnbereich der Stadt, ist verantwortlich f\u00fcr den Verkauf der lose und andere Entwicklungen in der community.<\/p>\t\t\t\t\t\t\t\t<\/div>\n\t\t\t\t\t<\/div>\n\t\t<\/div>\n\t\t\t\t\t<\/div>\n\t\t<\/section>\n\t\t\t\t\t<\/div>\n\t\t<\/div>\n\t\t\t\t\t<\/div>\n\t\t<\/section>\n\t\t<div class=\"elementor-element elementor-element-3d83ca8 e-flex e-con-boxed e-con e-parent\" data-id=\"3d83ca8\" data-element_type=\"container\" data-settings=\"{&quot;jet_parallax_layout_list&quot;:[]}\">\n\t\t\t\t\t<div class=\"e-con-inner\">\n\t\t<div class=\"elementor-element elementor-element-1855ec2 e-con-full e-flex e-con e-child\" data-id=\"1855ec2\" data-element_type=\"container\" data-settings=\"{&quot;background_background&quot;:&quot;classic&quot;,&quot;jet_parallax_layout_list&quot;:[]}\">\n\t\t\t\t<\/div>\n\t\t<div class=\"elementor-element elementor-element-912b4e7 e-con-full e-flex e-con e-child\" data-id=\"912b4e7\" data-element_type=\"container\" data-settings=\"{&quot;jet_parallax_layout_list&quot;:[]}\">\n\t\t\t\t<div class=\"elementor-element elementor-element-15fd45c elementor-invisible elementor-widget elementor-widget-text-editor\" data-id=\"15fd45c\" data-element_type=\"widget\" data-settings=\"{&quot;_animation&quot;:&quot;fadeInDown&quot;,&quot;_animation_delay&quot;:900}\" data-widget_type=\"text-editor.default\">\n\t\t\t\t\t\t\t\t\t<p class=\"p1\">Kressburgo ist, auf der einen Seite, eine Gemeinschaft, die wuchs rund um das Unternehmen und auf der anderen, der Immobilien-Gruppe Kress.<\/p><p class=\"p1\">Seine prim\u00e4re Funktion ist das management und die Entwicklung der Gemeinschaft von Kressburgo: Verkauf der lose, die den Wohnungsbau f\u00fcr Arbeiter in der Gruppe Kress, Infrastruktur-services.<\/p><p class=\"p1\">Konto mit Bildungseinrichtungen, die prim\u00e4re und sekund\u00e4re, die lokale Polizei, die Kirche, das Pfarrhaus, Gesundheit, post, Gesellschaftsraum, gepflasterten Stra\u00dfen, M\u00fcll-service, Wasser-Strom, um deren Nachhaltigkeit<\/p><p class=\"p1\">die Gruppe Kress wirtschaftlich arbeitet. Im Jahr 2006 gebaut wurden 69 Sozialwohnungen f\u00fcr die Offiziere der Gruppe Kress und finanzierte eine 10-j\u00e4hrige Laufzeit.<\/p><p class=\"p1\">Heute, die Stadt des Kreises Carlos Antonio L\u00f3pez, Departement Itap\u00faa, es hat eine Bev\u00f6lkerung von etwa 4.000 Menschen.<\/p>\t\t\t\t\t\t\t\t<\/div>\n\t\t\t\t<\/div>\n\t\t\t\t\t<\/div>\n\t\t\t\t<\/div>\n\t\t<div class=\"elementor-element elementor-element-cad18e1 e-flex e-con-boxed e-con e-parent\" data-id=\"cad18e1\" data-element_type=\"container\" data-settings=\"{&quot;jet_parallax_layout_list&quot;:[]}\">\n\t\t\t\t\t<div class=\"e-con-inner\">\n\t\t\t\t<div class=\"elementor-element elementor-element-767f380 elementor-invisible elementor-widget elementor-widget-heading\" data-id=\"767f380\" data-element_type=\"widget\" data-settings=\"{&quot;_animation&quot;:&quot;fadeInDown&quot;,&quot;_animation_delay&quot;:700}\" data-widget_type=\"heading.default\">\n\t\t\t\t\t<h2 class=\"elementor-heading-title elementor-size-default\">Wie man Kressburgo?<\/h2>\t\t\t\t<\/div>\n\t\t\t\t\t<\/div>\n\t\t\t\t<\/div>\n\t\t<div class=\"elementor-element elementor-element-5039c9d e-flex e-con-boxed e-con e-parent\" data-id=\"5039c9d\" data-element_type=\"container\" data-settings=\"{&quot;jet_parallax_layout_list&quot;:[]}\">\n\t\t\t\t\t<div class=\"e-con-inner\">\n\t\t<div class=\"elementor-element elementor-element-40d2d80 e-con-full e-flex e-con e-child\" data-id=\"40d2d80\" data-element_type=\"container\" data-settings=\"{&quot;jet_parallax_layout_list&quot;:[]}\">\n\t\t\t\t<div class=\"elementor-element elementor-element-74c947d elementor-widget elementor-widget-google_maps\" data-id=\"74c947d\" data-element_type=\"widget\" data-widget_type=\"google_maps.default\">\n\t\t\t\t\t\t\t<div class=\"elementor-custom-embed\">\n\t\t\t<iframe loading=\"lazy\"\n\t\t\t\t\tsrc=\"https:\/\/maps.google.com\/maps?q=kressburgo&#038;t=m&#038;z=12&#038;output=embed&#038;iwloc=near\"\n\t\t\t\t\ttitle=\"kressburgo\"\n\t\t\t\t\taria-label=\"kressburgo\"\n\t\t\t><\/iframe>\n\t\t<\/div>\n\t\t\t\t\t\t<\/div>\n\t\t\t\t<\/div>\n\t\t<div class=\"elementor-element elementor-element-051d4bf e-con-full e-flex e-con e-child\" data-id=\"051d4bf\" data-element_type=\"container\" data-settings=\"{&quot;jet_parallax_layout_list&quot;:[]}\">\n\t\t\t\t<div class=\"elementor-element elementor-element-967f893 elementor-invisible elementor-widget elementor-widget-text-editor\" data-id=\"967f893\" data-element_type=\"widget\" data-settings=\"{&quot;_animation&quot;:&quot;fadeInDown&quot;,&quot;_animation_delay&quot;:900}\" data-widget_type=\"text-editor.default\">\n\t\t\t\t\t\t\t\t\t<p class=\"p1\">Die Gemeinschaft der Kressburgo ist zugegriffen durch die Route Py06, die Eingabe der H\u00f6he des bekannten Kreuzung Kimex. Die Route PY 06 ist die Zufahrt von zwei gro\u00dfen St\u00e4dte wie Ciudad del Este und Encarnaci\u00f3n entfernt, w\u00e4hrend die von der Hauptstadt Asuncion und kann erreicht werden \u00fcber die Route PY 18, \u00fcbergeben durch Villarrica und San Juan Nepomuceno.<\/p>\t\t\t\t\t\t\t\t<\/div>\n\t\t\t\t<\/div>\n\t\t\t\t\t<\/div>\n\t\t\t\t<\/div>\n\t\t<div class=\"elementor-element elementor-element-5797a09 e-flex e-con-boxed e-con e-parent\" data-id=\"5797a09\" data-element_type=\"container\" data-settings=\"{&quot;jet_parallax_layout_list&quot;:[]}\">\n\t\t\t\t\t<div class=\"e-con-inner\">\n\t\t<div class=\"elementor-element elementor-element-191c65f e-con-full e-flex e-con e-child\" data-id=\"191c65f\" data-element_type=\"container\" data-settings=\"{&quot;background_background&quot;:&quot;classic&quot;,&quot;jet_parallax_layout_list&quot;:[]}\">\n\t\t\t\t<\/div>\n\t\t<div class=\"elementor-element elementor-element-3b93fa2 e-con-full e-flex e-con e-child\" data-id=\"3b93fa2\" data-element_type=\"container\" data-settings=\"{&quot;jet_parallax_layout_list&quot;:[]}\">\n\t\t\t\t<div class=\"elementor-element elementor-element-d8d48cd elementor-widget elementor-widget-image\" data-id=\"d8d48cd\" data-element_type=\"widget\" data-widget_type=\"image.default\">\n\t\t\t\t\t\t\t\t\t\t\t\t\t\t\t<img decoding=\"async\" width=\"800\" height=\"252\" src=\"https:\/\/grupokress.com\/wp-content\/uploads\/2025\/10\/LOGO-SHOWROOM-DELI-02-1024x323.png\" class=\"attachment-large size-large wp-image-942\" alt=\"\" srcset=\"https:\/\/grupokress.com\/wp-content\/uploads\/2025\/10\/LOGO-SHOWROOM-DELI-02-1024x323.png 1024w, https:\/\/grupokress.com\/wp-content\/uploads\/2025\/10\/LOGO-SHOWROOM-DELI-02-300x95.png 300w, https:\/\/grupokress.com\/wp-content\/uploads\/2025\/10\/LOGO-SHOWROOM-DELI-02-768x242.png 768w, https:\/\/grupokress.com\/wp-content\/uploads\/2025\/10\/LOGO-SHOWROOM-DELI-02-1536x484.png 1536w, https:\/\/grupokress.com\/wp-content\/uploads\/2025\/10\/LOGO-SHOWROOM-DELI-02-2048x646.png 2048w\" sizes=\"(max-width: 800px) 100vw, 800px\" \/>\t\t\t\t\t\t\t\t\t\t\t\t\t\t\t<\/div>\n\t\t\t\t<div class=\"elementor-element elementor-element-82ae13d elementor-invisible elementor-widget elementor-widget-text-editor\" data-id=\"82ae13d\" data-element_type=\"widget\" data-settings=\"{&quot;_animation&quot;:&quot;fadeInDown&quot;,&quot;_animation_delay&quot;:900}\" data-widget_type=\"text-editor.default\">\n\t\t\t\t\t\t\t\t\t<p class=\"p1\">In Kressburgo finden Sie den Showroom Frutika im inneren der Anlage, mit all der Vielfalt von Produkten Frutika zum Kauf zur Verf\u00fcgung. Zus\u00e4tzlich, es verf\u00fcgt \u00fcber ein restaurant, dass bietet ein t\u00e4gliches Men\u00fc, Minuten, desserts, drinks, Getr\u00e4nke und Fr\u00fcchte der Saison. In den Abendstunden k\u00f6nnen Sie den Raum karaoke, ideal f\u00fcr den Austausch unter Freunden und Familie.<\/p>\t\t\t\t\t\t\t\t<\/div>\n\t\t\t\t<\/div>\n\t\t\t\t\t<\/div>\n\t\t\t\t<\/div>\n\t\t\t\t<\/div>","protected":false},"excerpt":{"rendered":"<p>La inmobiliaria Kressburgo S.R.L. nace con el objetivo de desarrollar el \u00e1rea habitacional de la localidad, se encarga de la venta de lotes y otros desarrollos en la comunidad. Kressburgo es, por un lado, una comunidad que surgi\u00f3 en torno a la empresa y, por otro, la inmobiliaria del Grupo Kress. Su funci\u00f3n principal es [&hellip;]<\/p>","protected":false},"author":1,"featured_media":0,"parent":0,"menu_order":0,"comment_status":"closed","ping_status":"closed","template":"elementor_header_footer","meta":{"footnotes":""},"class_list":["post-308","page","type-page","status-publish","hentry"],"_links":{"self":[{"href":"https:\/\/grupokress.com\/de\/wp-json\/wp\/v2\/pages\/308","targetHints":{"allow":["GET"]}}],"collection":[{"href":"https:\/\/grupokress.com\/de\/wp-json\/wp\/v2\/pages"}],"about":[{"href":"https:\/\/grupokress.com\/de\/wp-json\/wp\/v2\/types\/page"}],"author":[{"embeddable":true,"href":"https:\/\/grupokress.com\/de\/wp-json\/wp\/v2\/users\/1"}],"replies":[{"embeddable":true,"href":"https:\/\/grupokress.com\/de\/wp-json\/wp\/v2\/comments?post=308"}],"version-history":[{"count":44,"href":"https:\/\/grupokress.com\/de\/wp-json\/wp\/v2\/pages\/308\/revisions"}],"predecessor-version":[{"id":1234,"href":"https:\/\/grupokress.com\/de\/wp-json\/wp\/v2\/pages\/308\/revisions\/1234"}],"wp:attachment":[{"href":"https:\/\/grupokress.com\/de\/wp-json\/wp\/v2\/media?parent=308"}],"curies":[{"name":"wp","href":"https:\/\/api.w.org\/{rel}","templated":true}]}}