{"id":1238,"date":"2025-10-06T11:11:56","date_gmt":"2025-10-06T11:11:56","guid":{"rendered":"https:\/\/grupokress.com\/?page_id=1238"},"modified":"2026-04-07T20:20:28","modified_gmt":"2026-04-07T20:20:28","slug":"rse","status":"publish","type":"page","link":"https:\/\/grupokress.com\/en\/rse\/","title":{"rendered":"Responsabilidad social"},"content":{"rendered":"<div data-elementor-type=\"wp-page\" data-elementor-id=\"1238\" class=\"elementor elementor-1238\" data-elementor-post-type=\"page\">\n\t\t\t\t<div class=\"elementor-element elementor-element-2a34d06 e-con-full e-flex e-con e-parent\" data-id=\"2a34d06\" data-element_type=\"container\" data-settings=\"{&quot;background_background&quot;:&quot;classic&quot;,&quot;jet_parallax_layout_list&quot;:[]}\">\n\t\t<div class=\"elementor-element elementor-element-ae6003f e-con-full e-flex e-con e-child\" data-id=\"ae6003f\" data-element_type=\"container\" data-settings=\"{&quot;background_background&quot;:&quot;classic&quot;,&quot;jet_parallax_layout_list&quot;:[]}\">\n\t\t\t\t<div class=\"elementor-element elementor-element-66a7230 elementor-invisible elementor-widget elementor-widget-heading\" data-id=\"66a7230\" data-element_type=\"widget\" data-settings=\"{&quot;_animation&quot;:&quot;fadeInDown&quot;,&quot;_animation_delay&quot;:700}\" data-widget_type=\"heading.default\">\n\t\t\t\t\t<h2 class=\"elementor-heading-title elementor-size-default\">Responsibility<br \/>social<\/h2>\t\t\t\t<\/div>\n\t\t\t\t<div class=\"elementor-element elementor-element-28c5e5d elementor-widget elementor-widget-image\" data-id=\"28c5e5d\" data-element_type=\"widget\" data-widget_type=\"image.default\">\n\t\t\t\t\t\t\t\t\t\t\t\t\t\t\t<img fetchpriority=\"high\" decoding=\"async\" width=\"2560\" height=\"848\" src=\"https:\/\/grupokress.com\/wp-content\/uploads\/2025\/10\/Recurso-22-1-scaled.png\" class=\"attachment-full size-full wp-image-1245\" alt=\"\" srcset=\"https:\/\/grupokress.com\/wp-content\/uploads\/2025\/10\/Recurso-22-1-scaled.png 2560w, https:\/\/grupokress.com\/wp-content\/uploads\/2025\/10\/Recurso-22-1-300x99.png 300w, https:\/\/grupokress.com\/wp-content\/uploads\/2025\/10\/Recurso-22-1-1024x339.png 1024w, https:\/\/grupokress.com\/wp-content\/uploads\/2025\/10\/Recurso-22-1-768x254.png 768w, https:\/\/grupokress.com\/wp-content\/uploads\/2025\/10\/Recurso-22-1-1536x509.png 1536w, https:\/\/grupokress.com\/wp-content\/uploads\/2025\/10\/Recurso-22-1-2048x678.png 2048w, https:\/\/grupokress.com\/wp-content\/uploads\/2025\/10\/Recurso-22-1-18x6.png 18w\" sizes=\"(max-width: 2560px) 100vw, 2560px\" \/>\t\t\t\t\t\t\t\t\t\t\t\t\t\t\t<\/div>\n\t\t\t\t<\/div>\n\t\t\t\t<\/div>\n\t\t<div class=\"elementor-element elementor-element-2ec3940 e-flex e-con-boxed e-con e-parent\" data-id=\"2ec3940\" data-element_type=\"container\" data-settings=\"{&quot;jet_parallax_layout_list&quot;:[]}\">\n\t\t\t\t\t<div class=\"e-con-inner\">\n\t\t<div class=\"elementor-element elementor-element-cb3a668 e-con-full e-flex e-con e-child\" data-id=\"cb3a668\" data-element_type=\"container\" data-settings=\"{&quot;background_background&quot;:&quot;classic&quot;,&quot;jet_parallax_layout_list&quot;:[]}\">\n\t\t\t\t<\/div>\n\t\t<div class=\"elementor-element elementor-element-a5dfd33 e-con-full e-flex e-con e-child\" data-id=\"a5dfd33\" data-element_type=\"container\" data-settings=\"{&quot;jet_parallax_layout_list&quot;:[]}\">\n\t\t\t\t<div class=\"elementor-element elementor-element-7845bf6 elementor-invisible elementor-widget elementor-widget-heading\" data-id=\"7845bf6\" data-element_type=\"widget\" data-settings=\"{&quot;_animation&quot;:&quot;fadeInDown&quot;,&quot;_animation_delay&quot;:700}\" data-widget_type=\"heading.default\">\n\t\t\t\t\t<h2 class=\"elementor-heading-title elementor-size-default\">Private school HWK<\/h2>\t\t\t\t<\/div>\n\t\t\t\t<div class=\"elementor-element elementor-element-988f715 elementor-invisible elementor-widget elementor-widget-text-editor\" data-id=\"988f715\" data-element_type=\"widget\" data-settings=\"{&quot;_animation&quot;:&quot;fadeInDown&quot;,&quot;_animation_delay&quot;:900}\" data-widget_type=\"text-editor.default\">\n\t\t\t\t\t\t\t\t\t<p class=\"p1\">The Private School Heinfried Wolfgang Kress is the main project of Corporate Social Responsibility (CSR) of the Group Kress.<\/p><p class=\"p1\">The institution was founded in 1991, being an innovation on the part of the visionary Heinfried Wolfgang Kress, seeing that the growing community needed a website of school education.<\/p><p class=\"p1\">Es sustentado principalmente por el aporte de nuestro grupo empresarial y brinda excelente nivel de educaci\u00f3n, en todas sus etapas de formaci\u00f3n inicial, escolar b\u00e1sica y media.<\/p><p class=\"p1\">The students also have an infrastructure of first level and a teaching staff trained.<\/p>\t\t\t\t\t\t\t\t<\/div>\n\t\t\t\t<\/div>\n\t\t\t\t\t<\/div>\n\t\t\t\t<\/div>\n\t\t<div class=\"elementor-element elementor-element-6ef16aa e-flex e-con-boxed e-con e-parent\" data-id=\"6ef16aa\" data-element_type=\"container\" data-settings=\"{&quot;background_background&quot;:&quot;classic&quot;,&quot;jet_parallax_layout_list&quot;:[]}\">\n\t\t\t\t\t<div class=\"e-con-inner\">\n\t\t<div class=\"elementor-element elementor-element-39d489d e-con-full e-flex e-con e-child\" data-id=\"39d489d\" data-element_type=\"container\" data-settings=\"{&quot;jet_parallax_layout_list&quot;:[]}\">\n\t\t<div class=\"elementor-element elementor-element-a8200b1 e-con-full e-flex e-con e-child\" data-id=\"a8200b1\" data-element_type=\"container\" data-settings=\"{&quot;background_background&quot;:&quot;classic&quot;,&quot;jet_parallax_layout_list&quot;:[]}\">\n\t\t\t\t<\/div>\n\t\t<div class=\"elementor-element elementor-element-9e48a87 e-con-full e-flex e-con e-child\" data-id=\"9e48a87\" data-element_type=\"container\" data-settings=\"{&quot;jet_parallax_layout_list&quot;:[]}\">\n\t\t\t\t<div class=\"elementor-element elementor-element-a6604b1 elementor-invisible elementor-widget elementor-widget-heading\" data-id=\"a6604b1\" data-element_type=\"widget\" data-settings=\"{&quot;_animation&quot;:&quot;fadeInDown&quot;,&quot;_animation_delay&quot;:700}\" data-widget_type=\"heading.default\">\n\t\t\t\t\t<h2 class=\"elementor-heading-title elementor-size-default\">Skills<\/br>\nrobotics<\/h2>\t\t\t\t<\/div>\n\t\t\t\t<div class=\"elementor-element elementor-element-f21ac78 elementor-invisible elementor-widget elementor-widget-text-editor\" data-id=\"f21ac78\" data-element_type=\"widget\" data-settings=\"{&quot;_animation&quot;:&quot;fadeInDown&quot;,&quot;_animation_delay&quot;:900}\" data-widget_type=\"text-editor.default\">\n\t\t\t\t\t\t\t\t\t<p class=\"p1\">Los alumnos del Colegio HWK son reconocidos por destacarse en ferias y competencias de rob\u00f3tica a nivel nacional e internacional, compitiendo incluso en varios Mundiales de Rob\u00f3tica.<\/p>\t\t\t\t\t\t\t\t<\/div>\n\t\t\t\t<\/div>\n\t\t\t\t<\/div>\n\t\t\t\t\t<\/div>\n\t\t\t\t<\/div>\n\t\t<div class=\"elementor-element elementor-element-1fcda3a e-flex e-con-boxed e-con e-parent\" data-id=\"1fcda3a\" data-element_type=\"container\" data-settings=\"{&quot;background_background&quot;:&quot;classic&quot;,&quot;jet_parallax_layout_list&quot;:[]}\">\n\t\t\t\t\t<div class=\"e-con-inner\">\n\t\t<div class=\"elementor-element elementor-element-4b015d5 e-con-full e-flex e-con e-child\" data-id=\"4b015d5\" data-element_type=\"container\" data-settings=\"{&quot;jet_parallax_layout_list&quot;:[]}\">\n\t\t\t\t<div class=\"elementor-element elementor-element-56b9809 elementor-cta--skin-cover elementor-cta--valign-middle elementor-widget__width-initial elementor-invisible elementor-widget elementor-widget-call-to-action\" data-id=\"56b9809\" data-element_type=\"widget\" data-settings=\"{&quot;_animation&quot;:&quot;fadeInLeft&quot;,&quot;_animation_delay&quot;:500}\" data-widget_type=\"call-to-action.default\">\n\t\t\t\t\t\t\t<div class=\"elementor-cta\">\n\t\t\t\t\t<div class=\"elementor-cta__bg-wrapper\">\n\t\t\t\t<div class=\"elementor-cta__bg elementor-bg\" style=\"background-image: url(https:\/\/grupokress.com\/wp-content\/uploads\/2025\/10\/mesa-robotica-768x1024.png);\" role=\"img\" aria-label=\"table-robotics\"><\/div>\n\t\t\t\t<div class=\"elementor-cta__bg-overlay\"><\/div>\n\t\t\t<\/div>\n\t\t\t\t\t\t\t<div class=\"elementor-cta__content\">\n\t\t\t\t\n\t\t\t\t\n\t\t\t\t\n\t\t\t\t\t\t\t\t\t<div class=\"elementor-cta__button-wrapper elementor-cta__content-item elementor-content-item\">\n\t\t\t\t\t<a class=\"elementor-cta__button elementor-button elementor-size-\">\n\t\t\t\t\t\tClick Here\t\t\t\t\t<\/a>\n\t\t\t\t\t<\/div>\n\t\t\t\t\t\t\t<\/div>\n\t\t\t\t\t\t<\/div>\n\t\t\t\t\t\t<\/div>\n\t\t<div class=\"elementor-element elementor-element-9a94209 e-con-full e-flex e-con e-child\" data-id=\"9a94209\" data-element_type=\"container\" data-settings=\"{&quot;jet_parallax_layout_list&quot;:[]}\">\n\t\t\t\t<div class=\"elementor-element elementor-element-80389c0 elementor-cta--skin-cover elementor-widget-mobile__width-initial elementor-invisible elementor-widget elementor-widget-call-to-action\" data-id=\"80389c0\" data-element_type=\"widget\" data-settings=\"{&quot;_animation&quot;:&quot;fadeInUp&quot;,&quot;_animation_delay&quot;:900}\" data-widget_type=\"call-to-action.default\">\n\t\t\t\t\t\t\t<div class=\"elementor-cta\">\n\t\t\t\t\t<div class=\"elementor-cta__bg-wrapper\">\n\t\t\t\t<div class=\"elementor-cta__bg elementor-bg\" style=\"background-image: url(https:\/\/grupokress.com\/wp-content\/uploads\/2025\/10\/MG_3238-1024x683.jpg);\" role=\"img\" aria-label=\"_MG_3238\"><\/div>\n\t\t\t\t<div class=\"elementor-cta__bg-overlay\"><\/div>\n\t\t\t<\/div>\n\t\t\t\t\t\t\t<div class=\"elementor-cta__content\">\n\t\t\t\t\n\t\t\t\t\n\t\t\t\t\n\t\t\t\t\t\t\t\t\t<div class=\"elementor-cta__button-wrapper elementor-cta__content-item elementor-content-item\">\n\t\t\t\t\t<a class=\"elementor-cta__button elementor-button elementor-size-\">\n\t\t\t\t\t\tClick Here\t\t\t\t\t<\/a>\n\t\t\t\t\t<\/div>\n\t\t\t\t\t\t\t<\/div>\n\t\t\t\t\t\t<\/div>\n\t\t\t\t\t\t<\/div>\n\t\t\t\t<div class=\"elementor-element elementor-element-b28e2f0 elementor-cta--skin-cover elementor-widget-mobile__width-initial elementor-invisible elementor-widget elementor-widget-call-to-action\" data-id=\"b28e2f0\" data-element_type=\"widget\" data-settings=\"{&quot;_animation&quot;:&quot;fadeInDown&quot;,&quot;_animation_delay&quot;:700}\" data-widget_type=\"call-to-action.default\">\n\t\t\t\t\t\t\t<div class=\"elementor-cta\">\n\t\t\t\t\t<div class=\"elementor-cta__bg-wrapper\">\n\t\t\t\t<div class=\"elementor-cta__bg elementor-bg\" style=\"background-image: url(https:\/\/grupokress.com\/wp-content\/uploads\/2025\/10\/MG_3225.jpg);\" role=\"img\" aria-label=\"_MG_3225\"><\/div>\n\t\t\t\t<div class=\"elementor-cta__bg-overlay\"><\/div>\n\t\t\t<\/div>\n\t\t\t\t\t\t\t<div class=\"elementor-cta__content\">\n\t\t\t\t\n\t\t\t\t\n\t\t\t\t\n\t\t\t\t\t\t\t\t\t<div class=\"elementor-cta__button-wrapper elementor-cta__content-item elementor-content-item\">\n\t\t\t\t\t<a class=\"elementor-cta__button elementor-button elementor-size-\">\n\t\t\t\t\t\tClick Here\t\t\t\t\t<\/a>\n\t\t\t\t\t<\/div>\n\t\t\t\t\t\t\t<\/div>\n\t\t\t\t\t\t<\/div>\n\t\t\t\t\t\t<\/div>\n\t\t\t\t<\/div>\n\t\t\t\t<\/div>\n\t\t<div class=\"elementor-element elementor-element-3628998 e-con-full e-flex e-con e-child\" data-id=\"3628998\" data-element_type=\"container\" data-settings=\"{&quot;jet_parallax_layout_list&quot;:[]}\">\n\t\t\t\t<div class=\"elementor-element elementor-element-51d0ea9 elementor-invisible elementor-widget elementor-widget-heading\" data-id=\"51d0ea9\" data-element_type=\"widget\" data-settings=\"{&quot;_animation&quot;:&quot;fadeInDown&quot;,&quot;_animation_delay&quot;:700}\" data-widget_type=\"heading.default\">\n\t\t\t\t\t<h2 class=\"elementor-heading-title elementor-size-default\">Innovation<\/h2>\t\t\t\t<\/div>\n\t\t\t\t<div class=\"elementor-element elementor-element-a6713cb elementor-invisible elementor-widget elementor-widget-text-editor\" data-id=\"a6713cb\" data-element_type=\"widget\" data-settings=\"{&quot;_animation&quot;:&quot;fadeInDown&quot;,&quot;_animation_delay&quot;:900}\" data-widget_type=\"text-editor.default\">\n\t\t\t\t\t\t\t\t\t<p>El colegio secundario ofrece a los estudiantes la Formaci\u00f3n Profesional Media Dual en Mecatr\u00f3nica y el Bachiller Cient\u00edfico en Ciencias B\u00e1sicas.<\/p><p>Se cuenta con tres laboratorios: de ciencias b\u00e1sicas, rob\u00f3tica\/inform\u00e1tica y mecatr\u00f3nica. Dentro de la oferta educativa se incluyen idiomas (ingl\u00e9s y alem\u00e1n), clases de huerta y corral, inform\u00e1tica, rob\u00f3tica, cooperativa escolar, OMAPA, Progrentis y educaci\u00f3n financiera, entre otras propuestas, todas dispuestas en sinergia con la naturaleza.<\/p><p>Adem\u00e1s, la instituci\u00f3n brinda la posibilidad de cursar Academias tanto a sus estudiantes como a la comunidad de Kressburgo.<\/p>\t\t\t\t\t\t\t\t<\/div>\n\t\t\t\t<\/div>\n\t\t\t\t\t<\/div>\n\t\t\t\t<\/div>\n\t\t<div class=\"elementor-element elementor-element-8b387af e-con-full e-flex e-con e-parent\" data-id=\"8b387af\" data-element_type=\"container\" data-settings=\"{&quot;background_background&quot;:&quot;classic&quot;,&quot;jet_parallax_layout_list&quot;:[]}\">\n\t\t\t\t<div class=\"elementor-element elementor-element-a420380 elementor-widget elementor-widget-image\" data-id=\"a420380\" data-element_type=\"widget\" data-widget_type=\"image.default\">\n\t\t\t\t\t\t\t\t\t\t\t\t\t\t\t<img decoding=\"async\" width=\"2560\" height=\"161\" src=\"https:\/\/grupokress.com\/wp-content\/uploads\/2025\/10\/Recurso-21-1-scaled.png\" class=\"attachment-full size-full wp-image-1144\" alt=\"\" srcset=\"https:\/\/grupokress.com\/wp-content\/uploads\/2025\/10\/Recurso-21-1-scaled.png 2560w, https:\/\/grupokress.com\/wp-content\/uploads\/2025\/10\/Recurso-21-1-300x19.png 300w, https:\/\/grupokress.com\/wp-content\/uploads\/2025\/10\/Recurso-21-1-1024x64.png 1024w, https:\/\/grupokress.com\/wp-content\/uploads\/2025\/10\/Recurso-21-1-768x48.png 768w, https:\/\/grupokress.com\/wp-content\/uploads\/2025\/10\/Recurso-21-1-1536x96.png 1536w, https:\/\/grupokress.com\/wp-content\/uploads\/2025\/10\/Recurso-21-1-2048x129.png 2048w, https:\/\/grupokress.com\/wp-content\/uploads\/2025\/10\/Recurso-21-1-18x1.png 18w\" sizes=\"(max-width: 2560px) 100vw, 2560px\" \/>\t\t\t\t\t\t\t\t\t\t\t\t\t\t\t<\/div>\n\t\t\t\t<\/div>\n\t\t\t\t<\/div>","protected":false},"excerpt":{"rendered":"<p>Responsabilidadsocial Colegio privado HWK El Colegio Privado Heinfried Wolfgang Kress es el principal proyecto de Responsabilidad Social Empresarial (RSE) del Grupo Kress. La instituci\u00f3n fue fundada en 1991, siendo una innovaci\u00f3n por parte del visionario Heinfried Wolfgang Kress, al ver que la comunidad en crecimiento requer\u00eda de un sitio de formaci\u00f3n escolar. Es sustentado principalmente [&hellip;]<\/p>","protected":false},"author":1,"featured_media":0,"parent":0,"menu_order":0,"comment_status":"closed","ping_status":"closed","template":"elementor_header_footer","meta":{"footnotes":""},"class_list":["post-1238","page","type-page","status-publish","hentry"],"_links":{"self":[{"href":"https:\/\/grupokress.com\/en\/wp-json\/wp\/v2\/pages\/1238","targetHints":{"allow":["GET"]}}],"collection":[{"href":"https:\/\/grupokress.com\/en\/wp-json\/wp\/v2\/pages"}],"about":[{"href":"https:\/\/grupokress.com\/en\/wp-json\/wp\/v2\/types\/page"}],"author":[{"embeddable":true,"href":"https:\/\/grupokress.com\/en\/wp-json\/wp\/v2\/users\/1"}],"replies":[{"embeddable":true,"href":"https:\/\/grupokress.com\/en\/wp-json\/wp\/v2\/comments?post=1238"}],"version-history":[{"count":68,"href":"https:\/\/grupokress.com\/en\/wp-json\/wp\/v2\/pages\/1238\/revisions"}],"predecessor-version":[{"id":1355,"href":"https:\/\/grupokress.com\/en\/wp-json\/wp\/v2\/pages\/1238\/revisions\/1355"}],"wp:attachment":[{"href":"https:\/\/grupokress.com\/en\/wp-json\/wp\/v2\/media?parent=1238"}],"curies":[{"name":"wp","href":"https:\/\/api.w.org\/{rel}","templated":true}]}}